{"id":2159,"date":"2020-09-02T15:16:27","date_gmt":"2023-07-12T17:21:04","guid":{"rendered":"https:\/\/digifab.shoogademo.com\/?page_id=2159"},"modified":"2023-07-13T15:12:17","modified_gmt":"2023-07-13T19:12:17","slug":"politique-de-confidentialite","status":"publish","type":"page","link":"https:\/\/digifab.shoogademo.com\/fr\/politique-de-confidentialite\/","title":{"rendered":"Politique de confidentialit\u00e9"},"content":{"rendered":"\t\t<div data-elementor-type=\"wp-page\" data-elementor-id=\"2159\" class=\"elementor elementor-2159\">\n\t\t\t\t\t\t<section class=\"elementor-section elementor-top-section elementor-element elementor-element-063e5e3 elementor-section-full_width elementor-section-height-default elementor-section-height-default\" data-id=\"063e5e3\" data-element_type=\"section\">\n\t\t\t\t\t\t<div class=\"elementor-container elementor-column-gap-default\">\n\t\t\t\t\t<div class=\"elementor-column elementor-col-100 elementor-top-column elementor-element elementor-element-e5e7f81\" data-id=\"e5e7f81\" data-element_type=\"column\">\n\t\t\t<div class=\"elementor-widget-wrap\">\n\t\t\t\t\t\t\t<\/div>\n\t\t<\/div>\n\t\t\t\t\t<\/div>\n\t\t<\/section>\n\t\t\t\t<section class=\"elementor-section elementor-top-section elementor-element elementor-element-d50e8cf elementor-section-boxed elementor-section-height-default elementor-section-height-default\" data-id=\"d50e8cf\" data-element_type=\"section\">\n\t\t\t\t\t\t<div class=\"elementor-container elementor-column-gap-default\">\n\t\t\t\t\t<div class=\"elementor-column elementor-col-100 elementor-top-column elementor-element elementor-element-ada4aac\" data-id=\"ada4aac\" data-element_type=\"column\">\n\t\t\t<div class=\"elementor-widget-wrap elementor-element-populated\">\n\t\t\t\t\t\t<div class=\"elementor-element elementor-element-b38ce4f elementor-widget__width-inherit elementor-widget elementor-widget-image\" data-id=\"b38ce4f\" data-element_type=\"widget\" data-widget_type=\"image.default\">\n\t\t\t\t<div class=\"elementor-widget-container\">\n\t\t\t\t\t\t\t\t\t\t\t\t\t\t\t<img fetchpriority=\"high\" decoding=\"async\" width=\"1920\" height=\"360\" src=\"https:\/\/digifab.shoogademo.com\/wp-content\/uploads\/2023\/07\/MicrosoftTeams-image-4.png\" class=\"attachment-banner size-banner wp-image-2161\" alt=\"\" srcset=\"https:\/\/digifab.shoogademo.com\/wp-content\/uploads\/2023\/07\/MicrosoftTeams-image-4.png 1920w, https:\/\/digifab.shoogademo.com\/wp-content\/uploads\/2023\/07\/MicrosoftTeams-image-4-300x56.png 300w, https:\/\/digifab.shoogademo.com\/wp-content\/uploads\/2023\/07\/MicrosoftTeams-image-4-1024x192.png 1024w, https:\/\/digifab.shoogademo.com\/wp-content\/uploads\/2023\/07\/MicrosoftTeams-image-4-768x144.png 768w, https:\/\/digifab.shoogademo.com\/wp-content\/uploads\/2023\/07\/MicrosoftTeams-image-4-1536x288.png 1536w, https:\/\/digifab.shoogademo.com\/wp-content\/uploads\/2023\/07\/MicrosoftTeams-image-4-1200x225.png 1200w, https:\/\/digifab.shoogademo.com\/wp-content\/uploads\/2023\/07\/MicrosoftTeams-image-4-140x26.png 140w, https:\/\/digifab.shoogademo.com\/wp-content\/uploads\/2023\/07\/MicrosoftTeams-image-4-480x90.png 480w\" sizes=\"(max-width: 1920px) 100vw, 1920px\" \/>\t\t\t\t\t\t\t\t\t\t\t\t\t\t\t<\/div>\n\t\t\t\t<\/div>\n\t\t\t\t<div class=\"elementor-element elementor-element-93dbc86 elementor-widget elementor-widget-heading\" data-id=\"93dbc86\" data-element_type=\"widget\" data-widget_type=\"heading.default\">\n\t\t\t\t<div class=\"elementor-widget-container\">\n\t\t\t\t\t<h1 class=\"elementor-heading-title elementor-size-xl\">Politique de confidentialit\u00e9<\/h1>\t\t\t\t<\/div>\n\t\t\t\t<\/div>\n\t\t\t\t<div class=\"elementor-element elementor-element-ec42059 elementor-widget elementor-widget-text-editor\" data-id=\"ec42059\" data-element_type=\"widget\" data-widget_type=\"text-editor.default\">\n\t\t\t\t<div class=\"elementor-widget-container\">\n\t\t\t\t\t\t\t\t\t<p>D\u00e9veloppement \u00e9conomique de l\u2019agglom\u00e9ration de Longueuil (DEL) et ses entit\u00e9s affili\u00e9es, Digifab<sup>QG<\/sup>\u00a0et l\u2019Acc\u00e9l\u00e9rateur DEL, (ci-apr\u00e8s collectivement nomm\u00e9s, l\u2019\u00ab Organisation \u00bb ou \u00ab nous \u00bb) s\u2019engagent \u00e0 respecter la confidentialit\u00e9 des renseignements personnels collect\u00e9s dans le cadre de l\u2019exploitation de leurs activit\u00e9s d\u2019affaires.<\/p><h2>Acc\u00e8s \u00e0 vos informations<\/h2><p>Vous pouvez acc\u00e9der \u00e0 vos renseignements personnels \u00e0 tout moment, soit pour les consulter, les modifier ou les supprimer en totalit\u00e9 ou partiellement.<\/p><p>Voici comment vous pouvez nous contacter :<\/p><p>Notre responsable de la protection des renseignements personnels, est Mme Julie Ethier, directrice g\u00e9n\u00e9rale.<\/p><p>Vous pouvez la contacter \u00e0 l\u2019adresse courriel ci-dessous pour toute question li\u00e9e \u00e0 la gestion des donn\u00e9es ou pour signaler un incident de protection des renseignements confidentiels :<\/p><p><a href=\"mailto:protectiondonnees@delagglo.ca\" target=\"_blank\" rel=\"noopener\">protectiondonnees@delagglo.ca<\/a><\/p><p>DEL &#8211; D\u00e9veloppement \u00e9conomique de l&rsquo;agglom\u00e9ration de Longueuil<br \/>204, boul. de Montarville, bureau 120<br \/>Boucherville (Qu\u00e9bec) J4B 6S2<\/p><p>T\u00e9l\u00e9phone : 450 645-2335<br \/>Sans frais : 1 866-599-2335<\/p>\t\t\t\t\t\t\t\t<\/div>\n\t\t\t\t<\/div>\n\t\t\t\t\t<\/div>\n\t\t<\/div>\n\t\t\t\t\t<\/div>\n\t\t<\/section>\n\t\t\t\t<\/div>\n\t\t","protected":false},"excerpt":{"rendered":"<p>Politique de confidentialit\u00e9 D\u00e9veloppement \u00e9conomique de l\u2019agglom\u00e9ration de Longueuil (DEL) et ses entit\u00e9s affili\u00e9es, DigifabQG\u00a0et l\u2019Acc\u00e9l\u00e9rateur DEL, (ci-apr\u00e8s collectivement nomm\u00e9s, l\u2019\u00ab Organisation \u00bb ou \u00ab nous \u00bb) s\u2019engagent \u00e0 respecter la confidentialit\u00e9 des renseignements personnels collect\u00e9s dans le cadre de l\u2019exploitation de leurs activit\u00e9s d\u2019affaires. Acc\u00e8s \u00e0 vos informations Vous pouvez acc\u00e9der \u00e0 vos renseignements<\/p>\n","protected":false},"author":2,"featured_media":0,"parent":0,"menu_order":0,"comment_status":"closed","ping_status":"closed","template":"","meta":{"_acf_changed":false,"_monsterinsights_skip_tracking":false,"_monsterinsights_sitenote_active":false,"_monsterinsights_sitenote_note":"","_monsterinsights_sitenote_category":0,"footnotes":""},"class_list":["post-2159","page","type-page","status-publish","hentry"],"acf":[],"yoast_head":"<!-- This site is optimized with the Yoast SEO plugin v26.7 - https:\/\/yoast.com\/wordpress\/plugins\/seo\/ -->\n<title>Politique de confidentialit\u00e9 - Digifab<\/title>\n<meta name=\"robots\" content=\"noindex, follow, max-snippet:-1, max-image-preview:large, max-video-preview:-1\" \/>\n<meta property=\"og:locale\" content=\"fr_FR\" \/>\n<meta property=\"og:type\" content=\"article\" \/>\n<meta property=\"og:title\" content=\"Politique de confidentialit\u00e9 - Digifab\" \/>\n<meta property=\"og:description\" content=\"Politique de confidentialit\u00e9 D\u00e9veloppement \u00e9conomique de l\u2019agglom\u00e9ration de Longueuil (DEL) et ses entit\u00e9s affili\u00e9es, DigifabQG\u00a0et l\u2019Acc\u00e9l\u00e9rateur DEL, (ci-apr\u00e8s collectivement nomm\u00e9s, l\u2019\u00ab Organisation \u00bb ou \u00ab nous \u00bb) s\u2019engagent \u00e0 respecter la confidentialit\u00e9 des renseignements personnels collect\u00e9s dans le cadre de l\u2019exploitation de leurs activit\u00e9s d\u2019affaires. Acc\u00e8s \u00e0 vos informations Vous pouvez acc\u00e9der \u00e0 vos renseignements\" \/>\n<meta property=\"og:url\" content=\"https:\/\/digifab.shoogademo.com\/fr\/politique-de-confidentialite\/\" \/>\n<meta property=\"og:site_name\" content=\"Digifab\" \/>\n<meta property=\"article:modified_time\" content=\"2023-07-13T19:12:17+00:00\" \/>\n<meta property=\"og:image\" content=\"https:\/\/digifab.shoogademo.com\/wp-content\/uploads\/2023\/07\/MicrosoftTeams-image-4.png\" \/>\n<meta name=\"twitter:card\" content=\"summary_large_image\" \/>\n<meta name=\"twitter:label1\" content=\"Dur\u00e9e de lecture estim\u00e9e\" \/>\n\t<meta name=\"twitter:data1\" content=\"1 minute\" \/>\n<script type=\"application\/ld+json\" class=\"yoast-schema-graph\">{\"@context\":\"https:\/\/schema.org\",\"@graph\":[{\"@type\":\"WebPage\",\"@id\":\"https:\/\/digifab.shoogademo.com\/fr\/politique-de-confidentialite\/\",\"url\":\"https:\/\/digifab.shoogademo.com\/fr\/politique-de-confidentialite\/\",\"name\":\"Politique de confidentialit\u00e9 - Digifab\",\"isPartOf\":{\"@id\":\"https:\/\/digifab.shoogademo.com\/fr\/#website\"},\"primaryImageOfPage\":{\"@id\":\"https:\/\/digifab.shoogademo.com\/fr\/politique-de-confidentialite\/#primaryimage\"},\"image\":{\"@id\":\"https:\/\/digifab.shoogademo.com\/fr\/politique-de-confidentialite\/#primaryimage\"},\"thumbnailUrl\":\"https:\/\/digifab.shoogademo.com\/wp-content\/uploads\/2023\/07\/MicrosoftTeams-image-4.png\",\"datePublished\":\"2023-07-12T17:21:04+00:00\",\"dateModified\":\"2023-07-13T19:12:17+00:00\",\"breadcrumb\":{\"@id\":\"https:\/\/digifab.shoogademo.com\/fr\/politique-de-confidentialite\/#breadcrumb\"},\"inLanguage\":\"fr-FR\",\"potentialAction\":[{\"@type\":\"ReadAction\",\"target\":[\"https:\/\/digifab.shoogademo.com\/fr\/politique-de-confidentialite\/\"]}]},{\"@type\":\"ImageObject\",\"inLanguage\":\"fr-FR\",\"@id\":\"https:\/\/digifab.shoogademo.com\/fr\/politique-de-confidentialite\/#primaryimage\",\"url\":\"https:\/\/digifab.shoogademo.com\/wp-content\/uploads\/2023\/07\/MicrosoftTeams-image-4.png\",\"contentUrl\":\"https:\/\/digifab.shoogademo.com\/wp-content\/uploads\/2023\/07\/MicrosoftTeams-image-4.png\"},{\"@type\":\"BreadcrumbList\",\"@id\":\"https:\/\/digifab.shoogademo.com\/fr\/politique-de-confidentialite\/#breadcrumb\",\"itemListElement\":[{\"@type\":\"ListItem\",\"position\":1,\"name\":\"Home\",\"item\":\"https:\/\/digifab.shoogademo.com\/fr\/\"},{\"@type\":\"ListItem\",\"position\":2,\"name\":\"Politique de confidentialit\u00e9\"}]},{\"@type\":\"WebSite\",\"@id\":\"https:\/\/digifab.shoogademo.com\/fr\/#website\",\"url\":\"https:\/\/digifab.shoogademo.com\/fr\/\",\"name\":\"DigifabQG\",\"description\":\"\",\"publisher\":{\"@id\":\"https:\/\/digifab.shoogademo.com\/fr\/#organization\"},\"potentialAction\":[{\"@type\":\"SearchAction\",\"target\":{\"@type\":\"EntryPoint\",\"urlTemplate\":\"https:\/\/digifab.shoogademo.com\/fr\/?s={search_term_string}\"},\"query-input\":{\"@type\":\"PropertyValueSpecification\",\"valueRequired\":true,\"valueName\":\"search_term_string\"}}],\"inLanguage\":\"fr-FR\"},{\"@type\":\"Organization\",\"@id\":\"https:\/\/digifab.shoogademo.com\/fr\/#organization\",\"name\":\"DigifabQG\",\"url\":\"https:\/\/digifab.shoogademo.com\/fr\/\",\"logo\":{\"@type\":\"ImageObject\",\"inLanguage\":\"fr-FR\",\"@id\":\"https:\/\/digifab.shoogademo.com\/fr\/#\/schema\/logo\/image\/\",\"url\":\"https:\/\/digifab.shoogademo.com\/wp-content\/uploads\/2024\/04\/DIGIFABQG_W_BLACK-RGB_XS.png\",\"contentUrl\":\"https:\/\/digifab.shoogademo.com\/wp-content\/uploads\/2024\/04\/DIGIFABQG_W_BLACK-RGB_XS.png\",\"width\":1500,\"height\":332,\"caption\":\"DigifabQG\"},\"image\":{\"@id\":\"https:\/\/digifab.shoogademo.com\/fr\/#\/schema\/logo\/image\/\"},\"sameAs\":[\"https:\/\/www.linkedin.com\/company\/digifab-qg\"]}]}<\/script>\n<!-- \/ Yoast SEO plugin. -->","yoast_head_json":{"title":"Politique de confidentialit\u00e9 - Digifab","robots":{"index":"noindex","follow":"follow","max-snippet":"max-snippet:-1","max-image-preview":"max-image-preview:large","max-video-preview":"max-video-preview:-1"},"og_locale":"fr_FR","og_type":"article","og_title":"Politique de confidentialit\u00e9 - Digifab","og_description":"Politique de confidentialit\u00e9 D\u00e9veloppement \u00e9conomique de l\u2019agglom\u00e9ration de Longueuil (DEL) et ses entit\u00e9s affili\u00e9es, DigifabQG\u00a0et l\u2019Acc\u00e9l\u00e9rateur DEL, (ci-apr\u00e8s collectivement nomm\u00e9s, l\u2019\u00ab Organisation \u00bb ou \u00ab nous \u00bb) s\u2019engagent \u00e0 respecter la confidentialit\u00e9 des renseignements personnels collect\u00e9s dans le cadre de l\u2019exploitation de leurs activit\u00e9s d\u2019affaires. Acc\u00e8s \u00e0 vos informations Vous pouvez acc\u00e9der \u00e0 vos renseignements","og_url":"https:\/\/digifab.shoogademo.com\/fr\/politique-de-confidentialite\/","og_site_name":"Digifab","article_modified_time":"2023-07-13T19:12:17+00:00","og_image":[{"url":"https:\/\/digifab.shoogademo.com\/wp-content\/uploads\/2023\/07\/MicrosoftTeams-image-4.png","type":"","width":"","height":""}],"twitter_card":"summary_large_image","twitter_misc":{"Dur\u00e9e de lecture estim\u00e9e":"1 minute"},"schema":{"@context":"https:\/\/schema.org","@graph":[{"@type":"WebPage","@id":"https:\/\/digifab.shoogademo.com\/fr\/politique-de-confidentialite\/","url":"https:\/\/digifab.shoogademo.com\/fr\/politique-de-confidentialite\/","name":"Politique de confidentialit\u00e9 - Digifab","isPartOf":{"@id":"https:\/\/digifab.shoogademo.com\/fr\/#website"},"primaryImageOfPage":{"@id":"https:\/\/digifab.shoogademo.com\/fr\/politique-de-confidentialite\/#primaryimage"},"image":{"@id":"https:\/\/digifab.shoogademo.com\/fr\/politique-de-confidentialite\/#primaryimage"},"thumbnailUrl":"https:\/\/digifab.shoogademo.com\/wp-content\/uploads\/2023\/07\/MicrosoftTeams-image-4.png","datePublished":"2023-07-12T17:21:04+00:00","dateModified":"2023-07-13T19:12:17+00:00","breadcrumb":{"@id":"https:\/\/digifab.shoogademo.com\/fr\/politique-de-confidentialite\/#breadcrumb"},"inLanguage":"fr-FR","potentialAction":[{"@type":"ReadAction","target":["https:\/\/digifab.shoogademo.com\/fr\/politique-de-confidentialite\/"]}]},{"@type":"ImageObject","inLanguage":"fr-FR","@id":"https:\/\/digifab.shoogademo.com\/fr\/politique-de-confidentialite\/#primaryimage","url":"https:\/\/digifab.shoogademo.com\/wp-content\/uploads\/2023\/07\/MicrosoftTeams-image-4.png","contentUrl":"https:\/\/digifab.shoogademo.com\/wp-content\/uploads\/2023\/07\/MicrosoftTeams-image-4.png"},{"@type":"BreadcrumbList","@id":"https:\/\/digifab.shoogademo.com\/fr\/politique-de-confidentialite\/#breadcrumb","itemListElement":[{"@type":"ListItem","position":1,"name":"Home","item":"https:\/\/digifab.shoogademo.com\/fr\/"},{"@type":"ListItem","position":2,"name":"Politique de confidentialit\u00e9"}]},{"@type":"WebSite","@id":"https:\/\/digifab.shoogademo.com\/fr\/#website","url":"https:\/\/digifab.shoogademo.com\/fr\/","name":"DigifabQG","description":"","publisher":{"@id":"https:\/\/digifab.shoogademo.com\/fr\/#organization"},"potentialAction":[{"@type":"SearchAction","target":{"@type":"EntryPoint","urlTemplate":"https:\/\/digifab.shoogademo.com\/fr\/?s={search_term_string}"},"query-input":{"@type":"PropertyValueSpecification","valueRequired":true,"valueName":"search_term_string"}}],"inLanguage":"fr-FR"},{"@type":"Organization","@id":"https:\/\/digifab.shoogademo.com\/fr\/#organization","name":"DigifabQG","url":"https:\/\/digifab.shoogademo.com\/fr\/","logo":{"@type":"ImageObject","inLanguage":"fr-FR","@id":"https:\/\/digifab.shoogademo.com\/fr\/#\/schema\/logo\/image\/","url":"https:\/\/digifab.shoogademo.com\/wp-content\/uploads\/2024\/04\/DIGIFABQG_W_BLACK-RGB_XS.png","contentUrl":"https:\/\/digifab.shoogademo.com\/wp-content\/uploads\/2024\/04\/DIGIFABQG_W_BLACK-RGB_XS.png","width":1500,"height":332,"caption":"DigifabQG"},"image":{"@id":"https:\/\/digifab.shoogademo.com\/fr\/#\/schema\/logo\/image\/"},"sameAs":["https:\/\/www.linkedin.com\/company\/digifab-qg"]}]}},"_links":{"self":[{"href":"https:\/\/digifab.shoogademo.com\/fr\/wp-json\/wp\/v2\/pages\/2159","targetHints":{"allow":["GET"]}}],"collection":[{"href":"https:\/\/digifab.shoogademo.com\/fr\/wp-json\/wp\/v2\/pages"}],"about":[{"href":"https:\/\/digifab.shoogademo.com\/fr\/wp-json\/wp\/v2\/types\/page"}],"author":[{"embeddable":true,"href":"https:\/\/digifab.shoogademo.com\/fr\/wp-json\/wp\/v2\/users\/2"}],"replies":[{"embeddable":true,"href":"https:\/\/digifab.shoogademo.com\/fr\/wp-json\/wp\/v2\/comments?post=2159"}],"version-history":[{"count":6,"href":"https:\/\/digifab.shoogademo.com\/fr\/wp-json\/wp\/v2\/pages\/2159\/revisions"}],"predecessor-version":[{"id":2173,"href":"https:\/\/digifab.shoogademo.com\/fr\/wp-json\/wp\/v2\/pages\/2159\/revisions\/2173"}],"wp:attachment":[{"href":"https:\/\/digifab.shoogademo.com\/fr\/wp-json\/wp\/v2\/media?parent=2159"}],"curies":[{"name":"wp","href":"https:\/\/api.w.org\/{rel}","templated":true}]}}